{"id":6464,"date":"2020-03-26T14:57:43","date_gmt":"2020-03-26T13:57:43","guid":{"rendered":"http:\/\/service-wiebrock.de\/declarations-of-conformity\/"},"modified":"2025-07-23T18:16:20","modified_gmt":"2025-07-23T16:16:20","slug":"declarations-of-conformity","status":"publish","type":"page","link":"https:\/\/wiebrock.de\/en\/declarations-of-conformity\/","title":{"rendered":"Declarations of conformity"},"content":{"rendered":"\t\t<div data-elementor-type=\"wp-page\" data-elementor-id=\"6464\" class=\"elementor elementor-6464 elementor-5190\" data-elementor-post-type=\"page\">\n\t\t\t\t\t\t<section class=\"elementor-section elementor-top-section elementor-element elementor-element-26b7b65e elementor-section-stretched elementor-section-full_width elementor-section-height-min-height elementor-section-height-default elementor-section-items-middle\" data-id=\"26b7b65e\" data-element_type=\"section\" data-settings=\"{&quot;stretch_section&quot;:&quot;section-stretched&quot;}\">\n\t\t\t\t\t\t<div class=\"elementor-container elementor-column-gap-no\">\n\t\t\t\t\t<div class=\"elementor-column elementor-col-100 elementor-top-column elementor-element elementor-element-b42311a\" data-id=\"b42311a\" data-element_type=\"column\">\n\t\t\t<div class=\"elementor-widget-wrap elementor-element-populated\">\n\t\t\t\t\t\t<div class=\"elementor-element elementor-element-4da41f3 elementor--h-position-left elementor--v-position-bottom elementor-arrows-position-inside elementor-pagination-position-inside elementor-widget elementor-widget-slides\" data-id=\"4da41f3\" data-element_type=\"widget\" data-settings=\"{&quot;navigation&quot;:&quot;both&quot;,&quot;autoplay&quot;:&quot;yes&quot;,&quot;pause_on_hover&quot;:&quot;yes&quot;,&quot;pause_on_interaction&quot;:&quot;yes&quot;,&quot;autoplay_speed&quot;:5000,&quot;infinite&quot;:&quot;yes&quot;,&quot;transition&quot;:&quot;slide&quot;,&quot;transition_speed&quot;:500}\" data-widget_type=\"slides.default\">\n\t\t\t\t\t\t\t\t\t\t<div class=\"elementor-slides-wrapper elementor-main-swiper swiper\" role=\"region\" aria-roledescription=\"carousel\" aria-label=\"Slider\" dir=\"ltr\" data-animation=\"\">\n\t\t\t\t<div class=\"swiper-wrapper elementor-slides\">\n\t\t\t\t\t\t\t\t\t\t<div class=\"elementor-repeater-item-49c11bf swiper-slide\" role=\"group\" aria-roledescription=\"slide\"><div class=\"swiper-slide-bg\" role=\"img\"><\/div><div class=\"swiper-slide-inner\" ><div class=\"swiper-slide-contents\"><\/div><\/div><\/div>\t\t\t\t<\/div>\n\t\t\t\t\t\t\t<\/div>\n\t\t\t\t\t\t\t\t<\/div>\n\t\t\t\t\t<\/div>\n\t\t<\/div>\n\t\t\t\t\t<\/div>\n\t\t<\/section>\n\t\t\t\t<section class=\"elementor-section elementor-top-section elementor-element elementor-element-bf75f5c elementor-section-boxed elementor-section-height-default elementor-section-height-default\" data-id=\"bf75f5c\" data-element_type=\"section\">\n\t\t\t\t\t\t<div class=\"elementor-container elementor-column-gap-default\">\n\t\t\t\t\t<div class=\"elementor-column elementor-col-100 elementor-top-column elementor-element elementor-element-0697a4f\" data-id=\"0697a4f\" data-element_type=\"column\">\n\t\t\t<div class=\"elementor-widget-wrap elementor-element-populated\">\n\t\t\t\t\t\t<div class=\"elementor-element elementor-element-324c490 elementor-widget elementor-widget-toggle\" data-id=\"324c490\" data-element_type=\"widget\" data-widget_type=\"toggle.default\">\n\t\t\t\t\t\t\t<div class=\"elementor-toggle\">\n\t\t\t\t\t\t\t<div class=\"elementor-toggle-item\">\n\t\t\t\t\t<div id=\"elementor-tab-title-5271\" class=\"elementor-tab-title\" data-tab=\"1\" role=\"button\" aria-controls=\"elementor-tab-content-5271\" aria-expanded=\"false\">\n\t\t\t\t\t\t\t\t\t\t\t\t<span class=\"elementor-toggle-icon elementor-toggle-icon-left\" aria-hidden=\"true\">\n\t\t\t\t\t\t\t\t\t\t\t\t\t\t\t<span class=\"elementor-toggle-icon-closed\"><svg class=\"e-font-icon-svg e-fas-chevron-down\" viewBox=\"0 0 448 512\" xmlns=\"http:\/\/www.w3.org\/2000\/svg\"><path d=\"M207.029 381.476L12.686 187.132c-9.373-9.373-9.373-24.569 0-33.941l22.667-22.667c9.357-9.357 24.522-9.375 33.901-.04L224 284.505l154.745-154.021c9.379-9.335 24.544-9.317 33.901.04l22.667 22.667c9.373 9.373 9.373 24.569 0 33.941L240.971 381.476c-9.373 9.372-24.569 9.372-33.942 0z\"><\/path><\/svg><\/span>\n\t\t\t\t\t\t\t\t<span class=\"elementor-toggle-icon-opened\"><svg class=\"elementor-toggle-icon-opened e-font-icon-svg e-fas-chevron-up\" viewBox=\"0 0 448 512\" xmlns=\"http:\/\/www.w3.org\/2000\/svg\"><path d=\"M240.971 130.524l194.343 194.343c9.373 9.373 9.373 24.569 0 33.941l-22.667 22.667c-9.357 9.357-24.522 9.375-33.901.04L224 227.495 69.255 381.516c-9.379 9.335-24.544 9.317-33.901-.04l-22.667-22.667c-9.373-9.373-9.373-24.569 0-33.941L207.03 130.525c9.372-9.373 24.568-9.373 33.941-.001z\"><\/path><\/svg><\/span>\n\t\t\t\t\t\t\t\t\t\t\t\t\t<\/span>\n\t\t\t\t\t\t\t\t\t\t\t\t<a class=\"elementor-toggle-title\" tabindex=\"0\">ISO 9001:2015<\/a>\n\t\t\t\t\t<\/div>\n\n\t\t\t\t\t<div id=\"elementor-tab-content-5271\" class=\"elementor-tab-content elementor-clearfix\" data-tab=\"1\" role=\"region\" aria-labelledby=\"elementor-tab-title-5271\"><p>We are certified according to DIN ISO 9001:2015<\/p><p><a href=\"https:\/\/wiebrock.de\/wp-content\/uploads\/DESTU_819945753_GenericCertificate_Final.pdf\" target=\"_blank\" rel=\"noopener\">DIN ISO 9001:2015 certificate<\/a><\/p><\/div>\n\t\t\t\t<\/div>\n\t\t\t\t\t\t\t<div class=\"elementor-toggle-item\">\n\t\t\t\t\t<div id=\"elementor-tab-title-5272\" class=\"elementor-tab-title\" data-tab=\"2\" role=\"button\" aria-controls=\"elementor-tab-content-5272\" aria-expanded=\"false\">\n\t\t\t\t\t\t\t\t\t\t\t\t<span class=\"elementor-toggle-icon elementor-toggle-icon-left\" aria-hidden=\"true\">\n\t\t\t\t\t\t\t\t\t\t\t\t\t\t\t<span class=\"elementor-toggle-icon-closed\"><svg class=\"e-font-icon-svg e-fas-chevron-down\" viewBox=\"0 0 448 512\" xmlns=\"http:\/\/www.w3.org\/2000\/svg\"><path d=\"M207.029 381.476L12.686 187.132c-9.373-9.373-9.373-24.569 0-33.941l22.667-22.667c9.357-9.357 24.522-9.375 33.901-.04L224 284.505l154.745-154.021c9.379-9.335 24.544-9.317 33.901.04l22.667 22.667c9.373 9.373 9.373 24.569 0 33.941L240.971 381.476c-9.373 9.372-24.569 9.372-33.942 0z\"><\/path><\/svg><\/span>\n\t\t\t\t\t\t\t\t<span class=\"elementor-toggle-icon-opened\"><svg class=\"elementor-toggle-icon-opened e-font-icon-svg e-fas-chevron-up\" viewBox=\"0 0 448 512\" xmlns=\"http:\/\/www.w3.org\/2000\/svg\"><path d=\"M240.971 130.524l194.343 194.343c9.373 9.373 9.373 24.569 0 33.941l-22.667 22.667c-9.357 9.357-24.522 9.375-33.901.04L224 227.495 69.255 381.516c-9.379 9.335-24.544 9.317-33.901-.04l-22.667-22.667c-9.373-9.373-9.373-24.569 0-33.941L207.03 130.525c9.372-9.373 24.568-9.373 33.941-.001z\"><\/path><\/svg><\/span>\n\t\t\t\t\t\t\t\t\t\t\t\t\t<\/span>\n\t\t\t\t\t\t\t\t\t\t\t\t<a class=\"elementor-toggle-title\" tabindex=\"0\">RoHS<\/a>\n\t\t\t\t\t<\/div>\n\n\t\t\t\t\t<div id=\"elementor-tab-content-5272\" class=\"elementor-tab-content elementor-clearfix\" data-tab=\"2\" role=\"region\" aria-labelledby=\"elementor-tab-title-5272\"><p>Our RoHS declarations of conformity to read and download:<\/p>\n<p><a class=\"alignnone\" href=\"https:\/\/wiebrock.de\/wp-content\/uploads\/RoHS-Konformit\u00e4tserkl\u00e4rung-MUR.pdf\" target=\"_blank\" rel=\"noopener noreferrer\">Konformit\u00e4tserkl\u00e4rung RoHS_MUR<br \/>\n<\/a><\/p>\n<p><a href=\"https:\/\/wiebrock.de\/wp-content\/uploads\/RoHS-Konformit\u00e4tserkl\u00e4rung-PFK.pdf\" target=\"_blank\" rel=\"noopener\">Konformit\u00e4tserkl\u00e4rung RoHS_PFK<\/a><\/p>\n<\/div>\n\t\t\t\t<\/div>\n\t\t\t\t\t\t\t<div class=\"elementor-toggle-item\">\n\t\t\t\t\t<div id=\"elementor-tab-title-5273\" class=\"elementor-tab-title\" data-tab=\"3\" role=\"button\" aria-controls=\"elementor-tab-content-5273\" aria-expanded=\"false\">\n\t\t\t\t\t\t\t\t\t\t\t\t<span class=\"elementor-toggle-icon elementor-toggle-icon-left\" aria-hidden=\"true\">\n\t\t\t\t\t\t\t\t\t\t\t\t\t\t\t<span class=\"elementor-toggle-icon-closed\"><svg class=\"e-font-icon-svg e-fas-chevron-down\" viewBox=\"0 0 448 512\" xmlns=\"http:\/\/www.w3.org\/2000\/svg\"><path d=\"M207.029 381.476L12.686 187.132c-9.373-9.373-9.373-24.569 0-33.941l22.667-22.667c9.357-9.357 24.522-9.375 33.901-.04L224 284.505l154.745-154.021c9.379-9.335 24.544-9.317 33.901.04l22.667 22.667c9.373 9.373 9.373 24.569 0 33.941L240.971 381.476c-9.373 9.372-24.569 9.372-33.942 0z\"><\/path><\/svg><\/span>\n\t\t\t\t\t\t\t\t<span class=\"elementor-toggle-icon-opened\"><svg class=\"elementor-toggle-icon-opened e-font-icon-svg e-fas-chevron-up\" viewBox=\"0 0 448 512\" xmlns=\"http:\/\/www.w3.org\/2000\/svg\"><path d=\"M240.971 130.524l194.343 194.343c9.373 9.373 9.373 24.569 0 33.941l-22.667 22.667c-9.357 9.357-24.522 9.375-33.901.04L224 227.495 69.255 381.516c-9.379 9.335-24.544 9.317-33.901-.04l-22.667-22.667c-9.373-9.373-9.373-24.569 0-33.941L207.03 130.525c9.372-9.373 24.568-9.373 33.941-.001z\"><\/path><\/svg><\/span>\n\t\t\t\t\t\t\t\t\t\t\t\t\t<\/span>\n\t\t\t\t\t\t\t\t\t\t\t\t<a class=\"elementor-toggle-title\" tabindex=\"0\">REACH<\/a>\n\t\t\t\t\t<\/div>\n\n\t\t\t\t\t<div id=\"elementor-tab-content-5273\" class=\"elementor-tab-content elementor-clearfix\" data-tab=\"3\" role=\"region\" aria-labelledby=\"elementor-tab-title-5273\"><p>Our REACH declarations of conformity to read and download<\/p>\n<p><a class=\"alignnone\" href=\"https:\/\/wiebrock.de\/wp-content\/uploads\/Konformit\u00e4tserkl\u00e4rung-REACH_PFK-1-1.pdf\" target=\"_blank\" rel=\"noopener noreferrer\">Konformit\u00e4tserkl\u00e4rung REACH_PFK<\/a><\/p>\n<p><a class=\"alignnone\" href=\"https:\/\/wiebrock.de\/wp-content\/uploads\/Konformit\u00e4tserkl\u00e4rung-REACH_MUR-1.pdf\" target=\"_blank\" rel=\"noopener noreferrer\">Konformit\u00e4tserkl\u00e4rung REACH_MUR<\/a><\/p>\n<\/div>\n\t\t\t\t<\/div>\n\t\t\t\t\t\t\t<div class=\"elementor-toggle-item\">\n\t\t\t\t\t<div id=\"elementor-tab-title-5274\" class=\"elementor-tab-title\" data-tab=\"4\" role=\"button\" aria-controls=\"elementor-tab-content-5274\" aria-expanded=\"false\">\n\t\t\t\t\t\t\t\t\t\t\t\t<span class=\"elementor-toggle-icon elementor-toggle-icon-left\" aria-hidden=\"true\">\n\t\t\t\t\t\t\t\t\t\t\t\t\t\t\t<span class=\"elementor-toggle-icon-closed\"><svg class=\"e-font-icon-svg e-fas-chevron-down\" viewBox=\"0 0 448 512\" xmlns=\"http:\/\/www.w3.org\/2000\/svg\"><path d=\"M207.029 381.476L12.686 187.132c-9.373-9.373-9.373-24.569 0-33.941l22.667-22.667c9.357-9.357 24.522-9.375 33.901-.04L224 284.505l154.745-154.021c9.379-9.335 24.544-9.317 33.901.04l22.667 22.667c9.373 9.373 9.373 24.569 0 33.941L240.971 381.476c-9.373 9.372-24.569 9.372-33.942 0z\"><\/path><\/svg><\/span>\n\t\t\t\t\t\t\t\t<span class=\"elementor-toggle-icon-opened\"><svg class=\"elementor-toggle-icon-opened e-font-icon-svg e-fas-chevron-up\" viewBox=\"0 0 448 512\" xmlns=\"http:\/\/www.w3.org\/2000\/svg\"><path d=\"M240.971 130.524l194.343 194.343c9.373 9.373 9.373 24.569 0 33.941l-22.667 22.667c-9.357 9.357-24.522 9.375-33.901.04L224 227.495 69.255 381.516c-9.379 9.335-24.544 9.317-33.901-.04l-22.667-22.667c-9.373-9.373-9.373-24.569 0-33.941L207.03 130.525c9.372-9.373 24.568-9.373 33.941-.001z\"><\/path><\/svg><\/span>\n\t\t\t\t\t\t\t\t\t\t\t\t\t<\/span>\n\t\t\t\t\t\t\t\t\t\t\t\t<a class=\"elementor-toggle-title\" tabindex=\"0\">Conflict minerals<\/a>\n\t\t\t\t\t<\/div>\n\n\t\t\t\t\t<div id=\"elementor-tab-content-5274\" class=\"elementor-tab-content elementor-clearfix\" data-tab=\"4\" role=\"region\" aria-labelledby=\"elementor-tab-title-5274\"><p>Our conflict minerals declarations of conformity to read and download<\/p>\n<p><a class=\"alignnone\" href=\"https:\/\/wiebrock.de\/wp-content\/uploads\/Konformit\u00e4tserkl\u00e4rung-Konflikt-Mineralien_PFK-1.pdf\" target=\"_blank\" rel=\"noopener noreferrer\">Konformit\u00e4tserkl\u00e4rung Konflikt-Mineralien_PFK<\/a><\/p>\n<p><a class=\"alignnone\" href=\"https:\/\/wiebrock.de\/wp-content\/uploads\/Konformit\u00e4tserkl\u00e4rung-Konflikt-Mineralien_MUR-1.pdf\" target=\"_blank\" rel=\"noopener noreferrer\">Konformit\u00e4tserkl\u00e4rung Konflikt-Mineralien_MUR<\/a><\/p>\n<\/div>\n\t\t\t\t<\/div>\n\t\t\t\t\t\t\t<div class=\"elementor-toggle-item\">\n\t\t\t\t\t<div id=\"elementor-tab-title-5275\" class=\"elementor-tab-title\" data-tab=\"5\" role=\"button\" aria-controls=\"elementor-tab-content-5275\" aria-expanded=\"false\">\n\t\t\t\t\t\t\t\t\t\t\t\t<span class=\"elementor-toggle-icon elementor-toggle-icon-left\" aria-hidden=\"true\">\n\t\t\t\t\t\t\t\t\t\t\t\t\t\t\t<span class=\"elementor-toggle-icon-closed\"><svg class=\"e-font-icon-svg e-fas-chevron-down\" viewBox=\"0 0 448 512\" xmlns=\"http:\/\/www.w3.org\/2000\/svg\"><path d=\"M207.029 381.476L12.686 187.132c-9.373-9.373-9.373-24.569 0-33.941l22.667-22.667c9.357-9.357 24.522-9.375 33.901-.04L224 284.505l154.745-154.021c9.379-9.335 24.544-9.317 33.901.04l22.667 22.667c9.373 9.373 9.373 24.569 0 33.941L240.971 381.476c-9.373 9.372-24.569 9.372-33.942 0z\"><\/path><\/svg><\/span>\n\t\t\t\t\t\t\t\t<span class=\"elementor-toggle-icon-opened\"><svg class=\"elementor-toggle-icon-opened e-font-icon-svg e-fas-chevron-up\" viewBox=\"0 0 448 512\" xmlns=\"http:\/\/www.w3.org\/2000\/svg\"><path d=\"M240.971 130.524l194.343 194.343c9.373 9.373 9.373 24.569 0 33.941l-22.667 22.667c-9.357 9.357-24.522 9.375-33.901.04L224 227.495 69.255 381.516c-9.379 9.335-24.544 9.317-33.901-.04l-22.667-22.667c-9.373-9.373-9.373-24.569 0-33.941L207.03 130.525c9.372-9.373 24.568-9.373 33.941-.001z\"><\/path><\/svg><\/span>\n\t\t\t\t\t\t\t\t\t\t\t\t\t<\/span>\n\t\t\t\t\t\t\t\t\t\t\t\t<a class=\"elementor-toggle-title\" tabindex=\"0\">CE <\/a>\n\t\t\t\t\t<\/div>\n\n\t\t\t\t\t<div id=\"elementor-tab-content-5275\" class=\"elementor-tab-content elementor-clearfix\" data-tab=\"5\" role=\"region\" aria-labelledby=\"elementor-tab-title-5275\"><p>Our CE declarations of conformity to read and download<\/p>\n<p><a href=\"https:\/\/wiebrock.de\/wp-content\/uploads\/EU-Declaration-of-Conformity_KV_002_17.pdf\" target=\"_blank\" rel=\"noopener\">EU Konformit\u00e4tserkl\u00e4rung_Induktivkontakte NG 63-160<\/a><\/p>\n<p><a href=\"https:\/\/wiebrock.de\/wp-content\/uploads\/EU-Declaration-of-Conformity_KV_001_17.pdf\" target=\"_blank\" rel=\"noopener\">EU Konformti\u00e4tserkl\u00e4rung_Magnetspringkontakte NG 32-160<\/a><\/p>\n<p><a href=\"https:\/\/wiebrock.de\/wp-content\/uploads\/EU-Declaration-of-Confomity_MSR_001_18.pdf\" target=\"_blank\" rel=\"noopener\">EU Konformit\u00e4tserkl\u00e4rung_Kontaktschutzrelais<\/a><\/p>\n<\/div>\n\t\t\t\t<\/div>\n\t\t\t\t\t\t\t\t<\/div>\n\t\t\t\t\t\t<\/div>\n\t\t\t\t\t<\/div>\n\t\t<\/div>\n\t\t\t\t\t<\/div>\n\t\t<\/section>\n\t\t\t\t<\/div>\n\t\t","protected":false},"excerpt":{"rendered":"<p>ISO 9001:2015 We are certified according to DIN ISO 9001:2015 DIN ISO 9001:2015 certificate RoHS Our RoHS declarations of conformity to read and download: Konformit\u00e4tserkl\u00e4rung RoHS_MUR Konformit\u00e4tserkl\u00e4rung RoHS_PFK REACH Our REACH declarations of conformity to read and download Konformit\u00e4tserkl\u00e4rung REACH_PFK Konformit\u00e4tserkl\u00e4rung REACH_MUR Conflict minerals Our conflict minerals declarations of conformity to read and download Konformit\u00e4tserkl\u00e4rung [&hellip;]<\/p>\n","protected":false},"author":10,"featured_media":0,"parent":0,"menu_order":0,"comment_status":"closed","ping_status":"closed","template":"elementor_header_footer","meta":{"footnotes":""},"class_list":["post-6464","page","type-page","status-publish","hentry"],"yoast_head":"<!-- This site is optimized with the Yoast SEO plugin v26.0 - https:\/\/yoast.com\/wordpress\/plugins\/seo\/ -->\n<title>Declarations of conformity - Wiebrock<\/title>\n<meta name=\"description\" content=\"Here you will find declarations of conformity for RoHS, REACH and conflict materials and our certification according to DIN ISO 9001.\" \/>\n<meta name=\"robots\" content=\"index, follow, max-snippet:-1, max-image-preview:large, max-video-preview:-1\" \/>\n<link rel=\"canonical\" href=\"https:\/\/wiebrock.de\/en\/declarations-of-conformity\/\" \/>\n<meta property=\"og:locale\" content=\"en_US\" \/>\n<meta property=\"og:type\" content=\"article\" \/>\n<meta property=\"og:title\" content=\"Declarations of conformity - Wiebrock\" \/>\n<meta property=\"og:description\" content=\"Here you will find declarations of conformity for RoHS, REACH and conflict materials and our certification according to DIN ISO 9001.\" \/>\n<meta property=\"og:url\" content=\"https:\/\/wiebrock.de\/en\/declarations-of-conformity\/\" \/>\n<meta property=\"og:site_name\" content=\"Wiebrock\" \/>\n<meta property=\"article:modified_time\" content=\"2025-07-23T16:16:20+00:00\" \/>\n<meta name=\"twitter:card\" content=\"summary_large_image\" \/>\n<script type=\"application\/ld+json\" class=\"yoast-schema-graph\">{\"@context\":\"https:\/\/schema.org\",\"@graph\":[{\"@type\":\"WebPage\",\"@id\":\"https:\/\/wiebrock.de\/en\/declarations-of-conformity\/\",\"url\":\"https:\/\/wiebrock.de\/en\/declarations-of-conformity\/\",\"name\":\"Declarations of conformity - Wiebrock\",\"isPartOf\":{\"@id\":\"https:\/\/wiebrock.de\/en\/#website\"},\"datePublished\":\"2020-03-26T13:57:43+00:00\",\"dateModified\":\"2025-07-23T16:16:20+00:00\",\"description\":\"Here you will find declarations of conformity for RoHS, REACH and conflict materials and our certification according to DIN ISO 9001.\",\"breadcrumb\":{\"@id\":\"https:\/\/wiebrock.de\/en\/declarations-of-conformity\/#breadcrumb\"},\"inLanguage\":\"en-US\",\"potentialAction\":[{\"@type\":\"ReadAction\",\"target\":[\"https:\/\/wiebrock.de\/en\/declarations-of-conformity\/\"]}]},{\"@type\":\"BreadcrumbList\",\"@id\":\"https:\/\/wiebrock.de\/en\/declarations-of-conformity\/#breadcrumb\",\"itemListElement\":[{\"@type\":\"ListItem\",\"position\":1,\"name\":\"Startseite\",\"item\":\"https:\/\/wiebrock.de\/en\/home\/\"},{\"@type\":\"ListItem\",\"position\":2,\"name\":\"Declarations of conformity\"}]},{\"@type\":\"WebSite\",\"@id\":\"https:\/\/wiebrock.de\/en\/#website\",\"url\":\"https:\/\/wiebrock.de\/en\/\",\"name\":\"Wiebrock\",\"description\":\"Mess- und Regeltechnik GmbH\",\"potentialAction\":[{\"@type\":\"SearchAction\",\"target\":{\"@type\":\"EntryPoint\",\"urlTemplate\":\"https:\/\/wiebrock.de\/en\/?s={search_term_string}\"},\"query-input\":{\"@type\":\"PropertyValueSpecification\",\"valueRequired\":true,\"valueName\":\"search_term_string\"}}],\"inLanguage\":\"en-US\"}]}<\/script>\n<!-- \/ Yoast SEO plugin. -->","yoast_head_json":{"title":"Declarations of conformity - Wiebrock","description":"Here you will find declarations of conformity for RoHS, REACH and conflict materials and our certification according to DIN ISO 9001.","robots":{"index":"index","follow":"follow","max-snippet":"max-snippet:-1","max-image-preview":"max-image-preview:large","max-video-preview":"max-video-preview:-1"},"canonical":"https:\/\/wiebrock.de\/en\/declarations-of-conformity\/","og_locale":"en_US","og_type":"article","og_title":"Declarations of conformity - Wiebrock","og_description":"Here you will find declarations of conformity for RoHS, REACH and conflict materials and our certification according to DIN ISO 9001.","og_url":"https:\/\/wiebrock.de\/en\/declarations-of-conformity\/","og_site_name":"Wiebrock","article_modified_time":"2025-07-23T16:16:20+00:00","twitter_card":"summary_large_image","schema":{"@context":"https:\/\/schema.org","@graph":[{"@type":"WebPage","@id":"https:\/\/wiebrock.de\/en\/declarations-of-conformity\/","url":"https:\/\/wiebrock.de\/en\/declarations-of-conformity\/","name":"Declarations of conformity - Wiebrock","isPartOf":{"@id":"https:\/\/wiebrock.de\/en\/#website"},"datePublished":"2020-03-26T13:57:43+00:00","dateModified":"2025-07-23T16:16:20+00:00","description":"Here you will find declarations of conformity for RoHS, REACH and conflict materials and our certification according to DIN ISO 9001.","breadcrumb":{"@id":"https:\/\/wiebrock.de\/en\/declarations-of-conformity\/#breadcrumb"},"inLanguage":"en-US","potentialAction":[{"@type":"ReadAction","target":["https:\/\/wiebrock.de\/en\/declarations-of-conformity\/"]}]},{"@type":"BreadcrumbList","@id":"https:\/\/wiebrock.de\/en\/declarations-of-conformity\/#breadcrumb","itemListElement":[{"@type":"ListItem","position":1,"name":"Startseite","item":"https:\/\/wiebrock.de\/en\/home\/"},{"@type":"ListItem","position":2,"name":"Declarations of conformity"}]},{"@type":"WebSite","@id":"https:\/\/wiebrock.de\/en\/#website","url":"https:\/\/wiebrock.de\/en\/","name":"Wiebrock","description":"Mess- und Regeltechnik GmbH","potentialAction":[{"@type":"SearchAction","target":{"@type":"EntryPoint","urlTemplate":"https:\/\/wiebrock.de\/en\/?s={search_term_string}"},"query-input":{"@type":"PropertyValueSpecification","valueRequired":true,"valueName":"search_term_string"}}],"inLanguage":"en-US"}]}},"_links":{"self":[{"href":"https:\/\/wiebrock.de\/en\/wp-json\/wp\/v2\/pages\/6464","targetHints":{"allow":["GET"]}}],"collection":[{"href":"https:\/\/wiebrock.de\/en\/wp-json\/wp\/v2\/pages"}],"about":[{"href":"https:\/\/wiebrock.de\/en\/wp-json\/wp\/v2\/types\/page"}],"author":[{"embeddable":true,"href":"https:\/\/wiebrock.de\/en\/wp-json\/wp\/v2\/users\/10"}],"replies":[{"embeddable":true,"href":"https:\/\/wiebrock.de\/en\/wp-json\/wp\/v2\/comments?post=6464"}],"version-history":[{"count":3,"href":"https:\/\/wiebrock.de\/en\/wp-json\/wp\/v2\/pages\/6464\/revisions"}],"predecessor-version":[{"id":12095,"href":"https:\/\/wiebrock.de\/en\/wp-json\/wp\/v2\/pages\/6464\/revisions\/12095"}],"wp:attachment":[{"href":"https:\/\/wiebrock.de\/en\/wp-json\/wp\/v2\/media?parent=6464"}],"curies":[{"name":"wp","href":"https:\/\/api.w.org\/{rel}","templated":true}]}}